{"id":6,"date":"2023-01-21T15:46:51","date_gmt":"2023-01-21T15:46:51","guid":{"rendered":"https:\/\/wheretheriversmeet.art\/walk\/?page_id=6"},"modified":"2024-11-27T15:40:50","modified_gmt":"2024-11-27T15:40:50","slug":"home","status":"publish","type":"page","link":"https:\/\/wheretheriversmeet.art\/tour\/","title":{"rendered":"Kwey-kwey | Sh\u00e9:kon | Welcome | Bienvenue"},"content":{"rendered":"<p>You are invited to join Jeff Thomas on a journey that may change the way you consider the land now known as the National Capital Region (NCR) that includes the cities of Ottawa, Ontario and Gatineau, Qu\u00e9bec.<\/p>\n<p>Before the English and the French, along with other newcomers, arrived to this area it was a location for many First Nations to gather for trade and ceremony.<\/p>\n<p>The presence of several waterways brought people to this powerful confluence of three rivers: Kichi Z\u00ecb\u00ec (Ottawa River), Ten\u00e0g\u00e0dino Z\u00ecb\u00ec (Gatineau River), and Pas\u0101pikahigani Z\u00ecb\u00ec (Rideau River).<\/p>\n<p>Now named Chaudi\u00e8re Falls, the site called Akikodijwan in Algonquin and Kana:tso in Kanien&#8217;k\u00e9ha (Mohawk), was a destination for those who arrived in the area, a place to offer tobacco to the Creator.<\/p>\n<p>For this journey, you can start on either side of the provincial borders and anywhere along the locations that surround the Kichi Z\u00ecb\u00ec.<\/p>\n<p>Where you begin is not as important as how you come along for the journey.<\/p>\n<p><a href=\"https:\/\/wheretheriversmeet.art\/tour\/map\/\" rel=\"noopener\">ACCESS THE MAP<\/a><\/p>\n","protected":false},"excerpt":{"rendered":"<p>You are invited to join Jeff Thomas on a journey that may change the way you consider the land now known as the National Capital Region (NCR) that includes the cities of Ottawa, Ontario and Gatineau, Qu\u00e9bec. Before the English and the French, along with other newcomers, arrived to this area it was a location &hellip; <\/p>\n<p class=\"link-more\"><a href=\"https:\/\/wheretheriversmeet.art\/tour\/\" class=\"more-link\">Continue reading<span class=\"screen-reader-text\"> &#8220;Kwey-kwey | Sh\u00e9:kon | Welcome | Bienvenue&#8221;<\/span><\/a><\/p>\n","protected":false},"author":1,"featured_media":0,"parent":0,"menu_order":0,"comment_status":"closed","ping_status":"closed","template":"","meta":{"footnotes":""},"class_list":["post-6","page","type-page","status-publish","hentry"],"ams_acf":[],"_links":{"self":[{"href":"https:\/\/wheretheriversmeet.art\/tour\/wp-json\/wp\/v2\/pages\/6","targetHints":{"allow":["GET"]}}],"collection":[{"href":"https:\/\/wheretheriversmeet.art\/tour\/wp-json\/wp\/v2\/pages"}],"about":[{"href":"https:\/\/wheretheriversmeet.art\/tour\/wp-json\/wp\/v2\/types\/page"}],"author":[{"embeddable":true,"href":"https:\/\/wheretheriversmeet.art\/tour\/wp-json\/wp\/v2\/users\/1"}],"replies":[{"embeddable":true,"href":"https:\/\/wheretheriversmeet.art\/tour\/wp-json\/wp\/v2\/comments?post=6"}],"version-history":[{"count":24,"href":"https:\/\/wheretheriversmeet.art\/tour\/wp-json\/wp\/v2\/pages\/6\/revisions"}],"predecessor-version":[{"id":467,"href":"https:\/\/wheretheriversmeet.art\/tour\/wp-json\/wp\/v2\/pages\/6\/revisions\/467"}],"wp:attachment":[{"href":"https:\/\/wheretheriversmeet.art\/tour\/wp-json\/wp\/v2\/media?parent=6"}],"curies":[{"name":"wp","href":"https:\/\/api.w.org\/{rel}","templated":true}]}}